
{"id":11304,"date":"2024-07-23T17:57:31","date_gmt":"2024-07-23T15:57:31","guid":{"rendered":"https:\/\/www.creativart.cloud\/cortelazzi\/ristorante\/"},"modified":"2024-10-17T16:20:23","modified_gmt":"2024-10-17T14:20:23","slug":"denni-nabidka","status":"publish","type":"page","link":"https:\/\/cortelazzi.cz\/cs\/denni-nabidka\/","title":{"rendered":"DENN\u00cd NAB\u00cdDKA"},"content":{"rendered":"\t\t<div data-elementor-type=\"wp-page\" data-elementor-id=\"11304\" class=\"elementor elementor-11304 elementor-8434\" data-elementor-post-type=\"page\">\n\t\t\t\t\t\t<section class=\"elementor-section elementor-top-section elementor-element elementor-element-708e7d1 elementor-section-full_width elementor-section-height-min-height elementor-section-stretched elementor-section-height-default elementor-section-items-middle\" data-id=\"708e7d1\" data-element_type=\"section\" data-settings=\"{&quot;stretch_section&quot;:&quot;section-stretched&quot;,&quot;background_background&quot;:&quot;classic&quot;}\">\n\t\t\t\t\t\t\t<div class=\"elementor-background-overlay\"><\/div>\n\t\t\t\t\t\t\t<div class=\"elementor-container elementor-column-gap-default\">\n\t\t\t\t\t<div class=\"elementor-column elementor-col-100 elementor-top-column elementor-element elementor-element-aa3b2a7\" data-id=\"aa3b2a7\" data-element_type=\"column\">\n\t\t\t<div class=\"elementor-widget-wrap elementor-element-populated\">\n\t\t\t\t\t\t<div class=\"elementor-element elementor-element-6add136 rockbold elementor-widget elementor-widget-heading\" data-id=\"6add136\" data-element_type=\"widget\" data-widget_type=\"heading.default\">\n\t\t\t\t<div class=\"elementor-widget-container\">\n\t\t\t\t\t<h1 class=\"elementor-heading-title elementor-size-default\">Menu dne<\/h1>\t\t\t\t<\/div>\n\t\t\t\t<\/div>\n\t\t\t\t\t<\/div>\n\t\t<\/div>\n\t\t\t\t\t<\/div>\n\t\t<\/section>\n\t\t\t\t<section class=\"elementor-section elementor-top-section elementor-element elementor-element-7078beee elementor-section-boxed elementor-section-height-default elementor-section-height-default\" data-id=\"7078beee\" data-element_type=\"section\">\n\t\t\t\t\t\t<div class=\"elementor-container elementor-column-gap-default\">\n\t\t\t\t\t<div class=\"elementor-column elementor-col-100 elementor-top-column elementor-element elementor-element-7b0c22cf\" data-id=\"7b0c22cf\" data-element_type=\"column\">\n\t\t\t<div class=\"elementor-widget-wrap elementor-element-populated\">\n\t\t\t\t\t\t<div class=\"elementor-element elementor-element-40ac603c elementor-widget elementor-widget-shortcode\" data-id=\"40ac603c\" data-element_type=\"widget\" data-widget_type=\"shortcode.default\">\n\t\t\t\t<div class=\"elementor-widget-container\">\n\t\t\t\t\t\t\t<div class=\"elementor-shortcode\"><div class=\"_3d-flip-book  fb3d-thumbnail-lightbox-mode\" data-id=\"14340\" data-mode=\"thumbnail-lightbox\" data-title=\"false\" data-template=\"short-white-book-view\" data-lightbox=\"dark-shadow\" data-urlparam=\"fb3d-page\" data-page-n=\"0\" data-pdf=\"\" data-tax=\"null\" data-thumbnail=\"\" data-cols=\"3\" data-book-template=\"default\" data-trigger=\"\"><\/div><script type=\"text\/javascript\">window.FB3D_CLIENT_DATA = window.FB3D_CLIENT_DATA || [];FB3D_CLIENT_DATA.push('eyJwb3N0cyI6eyIxNDM0MCI6eyJJRCI6MTQzNDAsInRpdGxlIjoiTWVuXHUwMGY5IGRlbCBnaW9ybm8gY2VjbyIsInR5cGUiOiJwZGYiLCJyZWFkeV9mdW5jdGlvbiI6IiIsImJvb2tfc3R5bGUiOiJmbGF0IiwiYm9va190ZW1wbGF0ZSI6Im5vbmUiLCJvdXRsaW5lIjpbXSwiZGF0YSI6eyJwb3N0X0lEIjoiMTc4MjUiLCJndWlkIjoiaHR0cHM6XC9cL2NvcnRlbGF6emkuY3pcL3dwLWNvbnRlbnRcL3VwbG9hZHNcLzIwMjRcLzA5XC9NZW51LVJpc3RvcmFudGUtUHJhZ2EtMTMuMTIuMjRfY29tcHJlc3NlZC5wZGYiLCJwZGZfcGFnZXMiOiIxNiIsInBhZ2VzX2N1c3RvbWl6YXRpb24iOiJub25lIn0sInRodW1ibmFpbCI6eyJkYXRhIjp7InBvc3RfSUQiOiIxNjU1MCIsIm1lZGlhSW1hZ2UiOnsid2lkdGgiOjg0OSwiaGVpZ2h0IjoxMTkyLCJmaWxlIjoiMjAyNFwvMDlcL0NvcGVydGluYV9NZW51LVJpc3RvcmFudGVfUFJBR0FfODQ5eDExOTIuanBnIiwiZmlsZXNpemUiOjU2MzAxNCwic2l6ZXMiOnsibWVkaXVtIjp7ImZpbGUiOiJDb3BlcnRpbmFfTWVudS1SaXN0b3JhbnRlX1BSQUdBXzg0OXgxMTkyLTIxNHgzMDAuanBnIiwid2lkdGgiOjIxNCwiaGVpZ2h0IjozMDAsIm1pbWUtdHlwZSI6ImltYWdlXC9qcGVnIiwiZmlsZXNpemUiOjIwMjk5fSwibGFyZ2UiOnsiZmlsZSI6IkNvcGVydGluYV9NZW51LVJpc3RvcmFudGVfUFJBR0FfODQ5eDExOTItNzI5eDEwMjQuanBnIiwid2lkdGgiOjcyOSwiaGVpZ2h0IjoxMDI0LCJtaW1lLXR5cGUiOiJpbWFnZVwvanBlZyIsImZpbGVzaXplIjoxMjQzMzl9LCJ0aHVtYm5haWwiOnsiZmlsZSI6IkNvcGVydGluYV9NZW51LVJpc3RvcmFudGVfUFJBR0FfODQ5eDExOTItMTUweDE1MC5qcGciLCJ3aWR0aCI6MTUwLCJoZWlnaHQiOjE1MCwibWltZS10eXBlIjoiaW1hZ2VcL2pwZWciLCJmaWxlc2l6ZSI6MTA5MDN9LCJtZWRpdW1fbGFyZ2UiOnsiZmlsZSI6IkNvcGVydGluYV9NZW51LVJpc3RvcmFudGVfUFJBR0FfODQ5eDExOTItNzY4eDEwNzguanBnIiwid2lkdGgiOjc2OCwiaGVpZ2h0IjoxMDc4LCJtaW1lLXR5cGUiOiJpbWFnZVwvanBlZyIsImZpbGVzaXplIjoxMzU2Mjd9LCJwb3N0LXRodW1ibmFpbCI6eyJmaWxlIjoiQ29wZXJ0aW5hX01lbnUtUmlzdG9yYW50ZV9QUkFHQV84NDl4MTE5Mi04NDl4NTY1LmpwZyIsIndpZHRoIjo4NDksImhlaWdodCI6NTY1LCJtaW1lLXR5cGUiOiJpbWFnZVwvanBlZyIsImZpbGVzaXplIjoxMzI0MzR9LCJmcmVzaGlvLXJlY2VudC1wb3N0Ijp7ImZpbGUiOiJDb3BlcnRpbmFfTWVudS1SaXN0b3JhbnRlX1BSQUdBXzg0OXgxMTkyLTEwMHgxMDAuanBnIiwid2lkdGgiOjEwMCwiaGVpZ2h0IjoxMDAsIm1pbWUtdHlwZSI6ImltYWdlXC9qcGVnIiwiZmlsZXNpemUiOjcxMzd9LCJmcmVzaGlvLXBvc3QtZ3JpZCI6eyJmaWxlIjoiQ29wZXJ0aW5hX01lbnUtUmlzdG9yYW50ZV9QUkFHQV84NDl4MTE5Mi04NDl4NTI3LmpwZyIsIndpZHRoIjo4NDksImhlaWdodCI6NTI3LCJtaW1lLXR5cGUiOiJpbWFnZVwvanBlZyIsImZpbGVzaXplIjoxMjQ1Mjh9LCJmcmVzaGlvLXBvc3QtZ3JpZC0yIjp7ImZpbGUiOiJDb3BlcnRpbmFfTWVudS1SaXN0b3JhbnRlX1BSQUdBXzg0OXgxMTkyLTM4M3g1MTMuanBnIiwid2lkdGgiOjM4MywiaGVpZ2h0Ijo1MTMsIm1pbWUtdHlwZSI6ImltYWdlXC9qcGVnIiwiZmlsZXNpemUiOjQ2MTkzfX0sImltYWdlX21ldGEiOnsiYXBlcnR1cmUiOiIwIiwiY3JlZGl0IjoiIiwiY2FtZXJhIjoiIiwiY2FwdGlvbiI6IiIsImNyZWF0ZWRfdGltZXN0YW1wIjoiMCIsImNvcHlyaWdodCI6IiIsImZvY2FsX2xlbmd0aCI6IjAiLCJpc28iOiIwIiwic2h1dHRlcl9zcGVlZCI6IjAiLCJ0aXRsZSI6IiIsIm9yaWVudGF0aW9uIjoiMCIsImtleXdvcmRzIjpbXX0sInBhcmVudF91cmwiOiJodHRwczpcL1wvY29ydGVsYXp6aS5jelwvd3AtY29udGVudFwvdXBsb2Fkc1wvMjAyNFwvMDlcLyIsImlkIjoxNjU1MH19LCJ0eXBlIjoibWVkaWFJbWFnZSJ9LCJwcm9wcyI6eyJiYWNrZ3JvdW5kQ29sb3IiOiJhdXRvIiwiYmFja2dyb3VuZEltYWdlIjoiYXV0byIsImJhY2tncm91bmRTdHlsZSI6ImF1dG8iLCJoaWdobGlnaHRMaW5rcyI6ImF1dG8iLCJsaWdodGluZyI6ImF1dG8iLCJzaW5nbGVQYWdlTW9kZSI6ImF1dG8iLCJjYWNoZWRQYWdlcyI6ImF1dG8iLCJyZW5kZXJJbmFjdGl2ZVBhZ2VzIjoiYXV0byIsInJlbmRlckluYWN0aXZlUGFnZXNPbk1vYmlsZSI6ImF1dG8iLCJyZW5kZXJXaGlsZUZsaXBwaW5nIjoiYXV0byIsInByZWxvYWRQYWdlcyI6ImF1dG8iLCJhdXRvUGxheUR1cmF0aW9uIjoiYXV0byIsInJ0bCI6ImF1dG8iLCJpbnRlcmFjdGl2ZUNvcm5lcnMiOiJhdXRvIiwibWF4RGVwdGgiOiJhdXRvIiwic2hlZXQiOnsic3RhcnRWZWxvY2l0eSI6ImF1dG8iLCJ3YXZlIjoiYXV0byIsInNoYXBlIjoiYXV0byIsIndpZHRoVGV4ZWxzIjoiYXV0byIsImNvbG9yIjoiYXV0byIsInNpZGUiOiJhdXRvIiwic3RyZXRjaEltYWdlcyI6ImF1dG8iLCJjb3JuZXJEZXZpYXRpb24iOiJhdXRvIiwiZmxleGliaWxpdHkiOiJhdXRvIiwiZmxleGlibGVDb3JuZXIiOiJhdXRvIiwiYmVuZGluZyI6ImF1dG8iLCJoZWlnaHRUZXhlbHMiOiJhdXRvIn0sImNvdmVyIjp7IndhdmUiOiJhdXRvIiwiY29sb3IiOiJhdXRvIiwic2lkZSI6ImF1dG8iLCJzdHJldGNoSW1hZ2VzIjoiYXV0byIsImJpbmRlclRleHR1cmUiOiJhdXRvIiwiZGVwdGgiOiJhdXRvIiwicGFkZGluZyI6ImF1dG8iLCJzdGFydFZlbG9jaXR5IjoiYXV0byIsImZsZXhpYmlsaXR5IjoiYXV0byIsImZsZXhpYmxlQ29ybmVyIjoiYXV0byIsImJlbmRpbmciOiJhdXRvIiwid2lkdGhUZXhlbHMiOiJhdXRvIiwiaGVpZ2h0VGV4ZWxzIjoiYXV0byIsIm1hc3MiOiJhdXRvIiwic2hhcGUiOiJhdXRvIn0sInBhZ2UiOnsid2F2ZSI6ImF1dG8iLCJjb2xvciI6ImF1dG8iLCJzaWRlIjoiYXV0byIsInN0cmV0Y2hJbWFnZXMiOiJhdXRvIiwiZGVwdGgiOiJhdXRvIiwic3RhcnRWZWxvY2l0eSI6ImF1dG8iLCJmbGV4aWJpbGl0eSI6ImF1dG8iLCJmbGV4aWJsZUNvcm5lciI6ImF1dG8iLCJiZW5kaW5nIjoiYXV0byIsIndpZHRoVGV4ZWxzIjoiYXV0byIsImhlaWdodFRleGVscyI6ImF1dG8iLCJtYXNzIjoiYXV0byIsInNoYXBlIjoiYXV0byJ9LCJoZWlnaHQiOiJhdXRvIiwid2lkdGgiOiJhdXRvIiwiZ3Jhdml0eSI6ImF1dG8iLCJwYWdlc0ZvclByZWRpY3RpbmciOiJhdXRvIn0sImNvbnRyb2xQcm9wcyI6eyJhY3Rpb25zIjp7ImNtZFRvYyI6eyJlbmFibGVkIjoiYXV0byIsImVuYWJsZWRJbk5hcnJvdyI6ImF1dG8iLCJhY3RpdmUiOiJhdXRvIiwiZGVmYXVsdFRhYiI6ImF1dG8ifSwiY21kQXV0b1BsYXkiOnsiZW5hYmxlZCI6ImF1dG8iLCJlbmFibGVkSW5OYXJyb3ciOiJhdXRvIiwiYWN0aXZlIjoiYXV0byJ9LCJjbWRTYXZlIjp7ImVuYWJsZWQiOiJhdXRvIiwiZW5hYmxlZEluTmFycm93IjoiYXV0byJ9LCJjbWRQcmludCI6eyJlbmFibGVkIjoiYXV0byIsImVuYWJsZWRJbk5hcnJvdyI6ImF1dG8ifSwiY21kU2luZ2xlUGFnZSI6eyJlbmFibGVkIjoiYXV0byIsImVuYWJsZWRJbk5hcnJvdyI6ImF1dG8iLCJhY3RpdmUiOiJhdXRvIiwiYWN0aXZlRm9yTW9iaWxlIjoiYXV0byJ9LCJ3aWRUb29sYmFyIjp7ImVuYWJsZWQiOiJhdXRvIiwiZW5hYmxlZEluTmFycm93IjoiYXV0byJ9fX0sImF1dG9UaHVtYm5haWwiOm51bGwsInBvc3RfbmFtZSI6Im1lbnUtZGVsLWdpb3JubyIsInBvc3RfdHlwZSI6IjNkLWZsaXAtYm9vayJ9fSwicGFnZXMiOltdLCJmaXJzdFBhZ2VzIjpbXX0=');window.FB3D_CLIENT_LOCALE && FB3D_CLIENT_LOCALE.render && FB3D_CLIENT_LOCALE.render();<\/script><\/div>\n\t\t\t\t\t\t<\/div>\n\t\t\t\t<\/div>\n\t\t\t\t<div class=\"elementor-element elementor-element-2860243 elementor-widget elementor-widget-html\" data-id=\"2860243\" data-element_type=\"widget\" data-widget_type=\"html.default\">\n\t\t\t\t<div class=\"elementor-widget-container\">\n\t\t\t\t\t<style>\n.elementor-element.elementor-element-40ac603c.elementor-widget.elementor-widget-shortcode {\n    display: flex;\n    justify-content: center;\n}\n.elementor-12382 .elementor-element.elementor-element-f782adc .menu-item a.hfe-menu-item, .elementor-12382 .elementor-element.elementor-element-f782adc .sub-menu a.hfe-sub-menu-item{\n    color: #ffffff;} \n\n.elementor-12382 .elementor-element.elementor-element-b4ae1ec{\n  background: rgb(0,0,0);\nbackground: linear-gradient(180deg, rgba(0, 0, 0, 0.5514998235622374) 27%, rgb(0 0 0 \/ 44%) 52%, rgba(0, 0, 0, 0) 100%);\n}\n.elementor-12382 .elementor-element.elementor-element-b9c8a08 .menu-item a.hfe-menu-item, .elementor-8563 .elementor-element.elementor-element-b9c8a08 .sub-menu a.hfe-sub-menu-item {\n    color: #ffffff;\n}\nul.sub-menu li a {\n    color: #00520A !important;\n}\n.elementor-social-icons-wrapper.elementor-grid i {\n    color: #fff !important;\n}\n<\/style>\t\t\t\t<\/div>\n\t\t\t\t<\/div>\n\t\t\t\t\t<\/div>\n\t\t<\/div>\n\t\t\t\t\t<\/div>\n\t\t<\/section>\n\t\t\t\t<\/div>\n\t\t","protected":false},"excerpt":{"rendered":"<p>Menu dne<\/p>\n","protected":false},"author":1,"featured_media":11145,"parent":0,"menu_order":0,"comment_status":"closed","ping_status":"closed","template":"","meta":{"inline_featured_image":false,"footnotes":"","_links_to":"","_links_to_target":""},"class_list":["post-11304","page","type-page","status-publish","has-post-thumbnail","hentry"],"yoast_head":"<!-- This site is optimized with the Yoast SEO plugin v27.4 - https:\/\/yoast.com\/product\/yoast-seo-wordpress\/ -->\n<title>Ristorante italiano - Cortelazzi<\/title>\n<meta name=\"description\" content=\"Nel nostro ristorante italiano troverai un men\u00f9 completo dei tipici piatti della cucina italiana con materie prime di altissima qualit\u00e0.\" \/>\n<meta name=\"robots\" content=\"index, follow, max-snippet:-1, max-image-preview:large, max-video-preview:-1\" \/>\n<link rel=\"canonical\" href=\"https:\/\/cortelazzi.cz\/cs\/denni-nabidka\/\" \/>\n<meta property=\"og:locale\" content=\"cs_CZ\" \/>\n<meta property=\"og:type\" content=\"article\" \/>\n<meta property=\"og:title\" content=\"Ristorante italiano - Cortelazzi\" \/>\n<meta property=\"og:description\" content=\"Nel nostro ristorante italiano troverai un men\u00f9 completo dei tipici piatti della cucina italiana con materie prime di altissima qualit\u00e0.\" \/>\n<meta property=\"og:url\" content=\"https:\/\/cortelazzi.cz\/cs\/denni-nabidka\/\" \/>\n<meta property=\"og:site_name\" content=\"Cortelazzi\" \/>\n<meta property=\"article:modified_time\" content=\"2024-10-17T14:20:23+00:00\" \/>\n<meta property=\"og:image\" content=\"https:\/\/cortelazzi.cz\/wp-content\/uploads\/2024\/08\/Ristorante_Header-1.jpg\" \/>\n\t<meta property=\"og:image:width\" content=\"1920\" \/>\n\t<meta property=\"og:image:height\" content=\"950\" \/>\n\t<meta property=\"og:image:type\" content=\"image\/jpeg\" \/>\n<meta name=\"twitter:card\" content=\"summary_large_image\" \/>\n<meta name=\"twitter:label1\" content=\"Odhadovan\u00e1 doba \u010dten\u00ed\" \/>\n\t<meta name=\"twitter:data1\" content=\"1 minuta\" \/>\n<script type=\"application\/ld+json\" class=\"yoast-schema-graph\">{\"@context\":\"https:\\\/\\\/schema.org\",\"@graph\":[{\"@type\":\"WebPage\",\"@id\":\"https:\\\/\\\/cortelazzi.cz\\\/cs\\\/denni-nabidka\\\/\",\"url\":\"https:\\\/\\\/cortelazzi.cz\\\/cs\\\/denni-nabidka\\\/\",\"name\":\"Ristorante italiano - Cortelazzi\",\"isPartOf\":{\"@id\":\"https:\\\/\\\/cortelazzi.cz\\\/#website\"},\"primaryImageOfPage\":{\"@id\":\"https:\\\/\\\/cortelazzi.cz\\\/cs\\\/denni-nabidka\\\/#primaryimage\"},\"image\":{\"@id\":\"https:\\\/\\\/cortelazzi.cz\\\/cs\\\/denni-nabidka\\\/#primaryimage\"},\"thumbnailUrl\":\"https:\\\/\\\/cortelazzi.cz\\\/wp-content\\\/uploads\\\/2024\\\/08\\\/Ristorante_Header-1.jpg\",\"datePublished\":\"2024-07-23T15:57:31+00:00\",\"dateModified\":\"2024-10-17T14:20:23+00:00\",\"description\":\"Nel nostro ristorante italiano troverai un men\u00f9 completo dei tipici piatti della cucina italiana con materie prime di altissima qualit\u00e0.\",\"breadcrumb\":{\"@id\":\"https:\\\/\\\/cortelazzi.cz\\\/cs\\\/denni-nabidka\\\/#breadcrumb\"},\"inLanguage\":\"cs\",\"potentialAction\":[{\"@type\":\"ReadAction\",\"target\":[\"https:\\\/\\\/cortelazzi.cz\\\/cs\\\/denni-nabidka\\\/\"]}]},{\"@type\":\"ImageObject\",\"inLanguage\":\"cs\",\"@id\":\"https:\\\/\\\/cortelazzi.cz\\\/cs\\\/denni-nabidka\\\/#primaryimage\",\"url\":\"https:\\\/\\\/cortelazzi.cz\\\/wp-content\\\/uploads\\\/2024\\\/08\\\/Ristorante_Header-1.jpg\",\"contentUrl\":\"https:\\\/\\\/cortelazzi.cz\\\/wp-content\\\/uploads\\\/2024\\\/08\\\/Ristorante_Header-1.jpg\",\"width\":1920,\"height\":950,\"caption\":\"Ristorante italiano\"},{\"@type\":\"BreadcrumbList\",\"@id\":\"https:\\\/\\\/cortelazzi.cz\\\/cs\\\/denni-nabidka\\\/#breadcrumb\",\"itemListElement\":[{\"@type\":\"ListItem\",\"position\":1,\"name\":\"Home\",\"item\":\"https:\\\/\\\/cortelazzi.cz\\\/cs\\\/\"},{\"@type\":\"ListItem\",\"position\":2,\"name\":\"DENN\u00cd NAB\u00cdDKA\"}]},{\"@type\":\"WebSite\",\"@id\":\"https:\\\/\\\/cortelazzi.cz\\\/#website\",\"url\":\"https:\\\/\\\/cortelazzi.cz\\\/\",\"name\":\"Cortelazzi\",\"description\":\"Food service\",\"potentialAction\":[{\"@type\":\"SearchAction\",\"target\":{\"@type\":\"EntryPoint\",\"urlTemplate\":\"https:\\\/\\\/cortelazzi.cz\\\/?s={search_term_string}\"},\"query-input\":{\"@type\":\"PropertyValueSpecification\",\"valueRequired\":true,\"valueName\":\"search_term_string\"}}],\"inLanguage\":\"cs\"}]}<\/script>\n<!-- \/ Yoast SEO plugin. -->","yoast_head_json":{"title":"Ristorante italiano - Cortelazzi","description":"Nel nostro ristorante italiano troverai un men\u00f9 completo dei tipici piatti della cucina italiana con materie prime di altissima qualit\u00e0.","robots":{"index":"index","follow":"follow","max-snippet":"max-snippet:-1","max-image-preview":"max-image-preview:large","max-video-preview":"max-video-preview:-1"},"canonical":"https:\/\/cortelazzi.cz\/cs\/denni-nabidka\/","og_locale":"cs_CZ","og_type":"article","og_title":"Ristorante italiano - Cortelazzi","og_description":"Nel nostro ristorante italiano troverai un men\u00f9 completo dei tipici piatti della cucina italiana con materie prime di altissima qualit\u00e0.","og_url":"https:\/\/cortelazzi.cz\/cs\/denni-nabidka\/","og_site_name":"Cortelazzi","article_modified_time":"2024-10-17T14:20:23+00:00","og_image":[{"width":1920,"height":950,"url":"https:\/\/cortelazzi.cz\/wp-content\/uploads\/2024\/08\/Ristorante_Header-1.jpg","type":"image\/jpeg"}],"twitter_card":"summary_large_image","twitter_misc":{"Odhadovan\u00e1 doba \u010dten\u00ed":"1 minuta"},"schema":{"@context":"https:\/\/schema.org","@graph":[{"@type":"WebPage","@id":"https:\/\/cortelazzi.cz\/cs\/denni-nabidka\/","url":"https:\/\/cortelazzi.cz\/cs\/denni-nabidka\/","name":"Ristorante italiano - Cortelazzi","isPartOf":{"@id":"https:\/\/cortelazzi.cz\/#website"},"primaryImageOfPage":{"@id":"https:\/\/cortelazzi.cz\/cs\/denni-nabidka\/#primaryimage"},"image":{"@id":"https:\/\/cortelazzi.cz\/cs\/denni-nabidka\/#primaryimage"},"thumbnailUrl":"https:\/\/cortelazzi.cz\/wp-content\/uploads\/2024\/08\/Ristorante_Header-1.jpg","datePublished":"2024-07-23T15:57:31+00:00","dateModified":"2024-10-17T14:20:23+00:00","description":"Nel nostro ristorante italiano troverai un men\u00f9 completo dei tipici piatti della cucina italiana con materie prime di altissima qualit\u00e0.","breadcrumb":{"@id":"https:\/\/cortelazzi.cz\/cs\/denni-nabidka\/#breadcrumb"},"inLanguage":"cs","potentialAction":[{"@type":"ReadAction","target":["https:\/\/cortelazzi.cz\/cs\/denni-nabidka\/"]}]},{"@type":"ImageObject","inLanguage":"cs","@id":"https:\/\/cortelazzi.cz\/cs\/denni-nabidka\/#primaryimage","url":"https:\/\/cortelazzi.cz\/wp-content\/uploads\/2024\/08\/Ristorante_Header-1.jpg","contentUrl":"https:\/\/cortelazzi.cz\/wp-content\/uploads\/2024\/08\/Ristorante_Header-1.jpg","width":1920,"height":950,"caption":"Ristorante italiano"},{"@type":"BreadcrumbList","@id":"https:\/\/cortelazzi.cz\/cs\/denni-nabidka\/#breadcrumb","itemListElement":[{"@type":"ListItem","position":1,"name":"Home","item":"https:\/\/cortelazzi.cz\/cs\/"},{"@type":"ListItem","position":2,"name":"DENN\u00cd NAB\u00cdDKA"}]},{"@type":"WebSite","@id":"https:\/\/cortelazzi.cz\/#website","url":"https:\/\/cortelazzi.cz\/","name":"Cortelazzi","description":"Food service","potentialAction":[{"@type":"SearchAction","target":{"@type":"EntryPoint","urlTemplate":"https:\/\/cortelazzi.cz\/?s={search_term_string}"},"query-input":{"@type":"PropertyValueSpecification","valueRequired":true,"valueName":"search_term_string"}}],"inLanguage":"cs"}]}},"jetpack_sharing_enabled":true,"_links":{"self":[{"href":"https:\/\/cortelazzi.cz\/cs\/wp-json\/wp\/v2\/pages\/11304","targetHints":{"allow":["GET"]}}],"collection":[{"href":"https:\/\/cortelazzi.cz\/cs\/wp-json\/wp\/v2\/pages"}],"about":[{"href":"https:\/\/cortelazzi.cz\/cs\/wp-json\/wp\/v2\/types\/page"}],"author":[{"embeddable":true,"href":"https:\/\/cortelazzi.cz\/cs\/wp-json\/wp\/v2\/users\/1"}],"replies":[{"embeddable":true,"href":"https:\/\/cortelazzi.cz\/cs\/wp-json\/wp\/v2\/comments?post=11304"}],"version-history":[{"count":41,"href":"https:\/\/cortelazzi.cz\/cs\/wp-json\/wp\/v2\/pages\/11304\/revisions"}],"predecessor-version":[{"id":15567,"href":"https:\/\/cortelazzi.cz\/cs\/wp-json\/wp\/v2\/pages\/11304\/revisions\/15567"}],"wp:featuredmedia":[{"embeddable":true,"href":"https:\/\/cortelazzi.cz\/cs\/wp-json\/wp\/v2\/media\/11145"}],"wp:attachment":[{"href":"https:\/\/cortelazzi.cz\/cs\/wp-json\/wp\/v2\/media?parent=11304"}],"curies":[{"name":"wp","href":"https:\/\/api.w.org\/{rel}","templated":true}]}}