
{"id":18323,"date":"2025-03-05T17:52:05","date_gmt":"2025-03-05T16:52:05","guid":{"rendered":"https:\/\/cortelazzi.cz\/scarica-il-catalogo-di-pasqua\/"},"modified":"2025-03-05T18:22:00","modified_gmt":"2025-03-05T17:22:00","slug":"stahnete-si-velikonocni-katalog","status":"publish","type":"page","link":"https:\/\/cortelazzi.cz\/cs\/stahnete-si-velikonocni-katalog\/","title":{"rendered":"St\u00e1hn\u011bte si velikono\u010dn\u00ed katalog"},"content":{"rendered":"\t\t<div data-elementor-type=\"wp-page\" data-elementor-id=\"18323\" class=\"elementor elementor-18323 elementor-18276\" data-elementor-post-type=\"page\">\n\t\t\t\t\t\t<section class=\"elementor-section elementor-top-section elementor-element elementor-element-1f068d08 elementor-section-full_width elementor-section-height-min-height elementor-section-stretched elementor-section-height-default elementor-section-items-middle\" data-id=\"1f068d08\" data-element_type=\"section\" data-settings=\"{&quot;stretch_section&quot;:&quot;section-stretched&quot;,&quot;background_background&quot;:&quot;classic&quot;}\">\n\t\t\t\t\t\t<div class=\"elementor-container elementor-column-gap-default\">\n\t\t\t\t\t<div class=\"elementor-column elementor-col-100 elementor-top-column elementor-element elementor-element-62956eda\" data-id=\"62956eda\" data-element_type=\"column\">\n\t\t\t<div class=\"elementor-widget-wrap elementor-element-populated\">\n\t\t\t\t\t\t<div class=\"elementor-element elementor-element-33d6530e rockbold elementor-widget elementor-widget-heading\" data-id=\"33d6530e\" data-element_type=\"widget\" data-widget_type=\"heading.default\">\n\t\t\t\t<div class=\"elementor-widget-container\">\n\t\t\t\t\t<h1 class=\"elementor-heading-title elementor-size-default\">St\u00e1hn\u011bte si <br>velikono\u010dn\u00ed katalog\n<\/h1>\t\t\t\t<\/div>\n\t\t\t\t<\/div>\n\t\t\t\t\t<\/div>\n\t\t<\/div>\n\t\t\t\t\t<\/div>\n\t\t<\/section>\n\t\t\t\t<section class=\"elementor-section elementor-top-section elementor-element elementor-element-7dbf9864 elementor-section-height-min-height elementor-section-boxed elementor-section-height-default elementor-section-items-middle\" data-id=\"7dbf9864\" data-element_type=\"section\" data-settings=\"{&quot;background_background&quot;:&quot;classic&quot;}\">\n\t\t\t\t\t\t<div class=\"elementor-container elementor-column-gap-default\">\n\t\t\t\t\t<div class=\"elementor-column elementor-col-100 elementor-top-column elementor-element elementor-element-7732769c\" data-id=\"7732769c\" data-element_type=\"column\">\n\t\t\t<div class=\"elementor-widget-wrap elementor-element-populated\">\n\t\t\t\t\t\t<div class=\"elementor-element elementor-element-66fb9b98 elementor-widget elementor-widget-shortcode\" data-id=\"66fb9b98\" data-element_type=\"widget\" data-widget_type=\"shortcode.default\">\n\t\t\t\t<div class=\"elementor-widget-container\">\n\t\t\t\t\t\t\t<div class=\"elementor-shortcode\"><div class=\"_3d-flip-book  fb3d-thumbnail-lightbox-mode\" data-id=\"18292\" data-mode=\"thumbnail-lightbox\" data-title=\"false\" data-template=\"short-white-book-view\" data-lightbox=\"dark-shadow\" data-urlparam=\"fb3d-page\" data-page-n=\"0\" data-pdf=\"\" data-tax=\"null\" data-thumbnail=\"\" data-cols=\"3\" data-book-template=\"default\" data-trigger=\"\"><\/div><script type=\"text\/javascript\">window.FB3D_CLIENT_DATA = window.FB3D_CLIENT_DATA || [];FB3D_CLIENT_DATA.push('eyJwb3N0cyI6eyIxODI5MiI6eyJJRCI6MTgyOTIsInRpdGxlIjoiUGFzcXVhIiwidHlwZSI6InBkZiIsInJlYWR5X2Z1bmN0aW9uIjoiIiwiYm9va19zdHlsZSI6ImZsYXQiLCJib29rX3RlbXBsYXRlIjoibm9uZSIsIm91dGxpbmUiOltdLCJkYXRhIjp7InBvc3RfSUQiOiIxODM2NyIsImd1aWQiOiJodHRwczpcL1wvY29ydGVsYXp6aS5jelwvd3AtY29udGVudFwvdXBsb2Fkc1wvMjAyNVwvMDNcL0NhdGFsb2dvLVBhc3F1YS1DWi0yMDI1X2NvbXByZXNzZWQucGRmIiwicGRmX3BhZ2VzIjoiMjQiLCJwYWdlc19jdXN0b21pemF0aW9uIjoibm9uZSJ9LCJ0aHVtYm5haWwiOnsiZGF0YSI6eyJwb3N0X0lEIjoiMTgzMDMiLCJtZWRpYUltYWdlIjp7IndpZHRoIjoxMTMyLCJoZWlnaHQiOjE1ODksImZpbGUiOiIyMDI1XC8wM1wvQ29wZXJ0aW5hX0NhdGFsb2dvLVBhc3F1YV9QUkFHQV84NDkteC0xMTkyLmpwZyIsImZpbGVzaXplIjozMzI0MTIsInNpemVzIjp7Im1lZGl1bSI6eyJmaWxlIjoiQ29wZXJ0aW5hX0NhdGFsb2dvLVBhc3F1YV9QUkFHQV84NDkteC0xMTkyLTIxNHgzMDAuanBnIiwid2lkdGgiOjIxNCwiaGVpZ2h0IjozMDAsIm1pbWUtdHlwZSI6ImltYWdlXC9qcGVnIiwiZmlsZXNpemUiOjIxOTE1fSwibGFyZ2UiOnsiZmlsZSI6IkNvcGVydGluYV9DYXRhbG9nby1QYXNxdWFfUFJBR0FfODQ5LXgtMTE5Mi03Mjl4MTAyNC5qcGciLCJ3aWR0aCI6NzI5LCJoZWlnaHQiOjEwMjQsIm1pbWUtdHlwZSI6ImltYWdlXC9qcGVnIiwiZmlsZXNpemUiOjEyNzA4NX0sInRodW1ibmFpbCI6eyJmaWxlIjoiQ29wZXJ0aW5hX0NhdGFsb2dvLVBhc3F1YV9QUkFHQV84NDkteC0xMTkyLTE1MHgxNTAuanBnIiwid2lkdGgiOjE1MCwiaGVpZ2h0IjoxNTAsIm1pbWUtdHlwZSI6ImltYWdlXC9qcGVnIiwiZmlsZXNpemUiOjEwMTQyfSwibWVkaXVtX2xhcmdlIjp7ImZpbGUiOiJDb3BlcnRpbmFfQ2F0YWxvZ28tUGFzcXVhX1BSQUdBXzg0OS14LTExOTItNzY4eDEwNzguanBnIiwid2lkdGgiOjc2OCwiaGVpZ2h0IjoxMDc4LCJtaW1lLXR5cGUiOiJpbWFnZVwvanBlZyIsImZpbGVzaXplIjoxMzU4OTV9LCIxNTM2eDE1MzYiOnsiZmlsZSI6IkNvcGVydGluYV9DYXRhbG9nby1QYXNxdWFfUFJBR0FfODQ5LXgtMTE5Mi0xMDk0eDE1MzYuanBnIiwid2lkdGgiOjEwOTQsImhlaWdodCI6MTUzNiwibWltZS10eXBlIjoiaW1hZ2VcL2pwZWciLCJmaWxlc2l6ZSI6MjI0Njc1fSwicG9zdC10aHVtYm5haWwiOnsiZmlsZSI6IkNvcGVydGluYV9DYXRhbG9nby1QYXNxdWFfUFJBR0FfODQ5LXgtMTE5Mi0xMDAweDU2NS5qcGciLCJ3aWR0aCI6MTAwMCwiaGVpZ2h0Ijo1NjUsIm1pbWUtdHlwZSI6ImltYWdlXC9qcGVnIiwiZmlsZXNpemUiOjYwNTU2fSwiZnJlc2hpby1yZWNlbnQtcG9zdCI6eyJmaWxlIjoiQ29wZXJ0aW5hX0NhdGFsb2dvLVBhc3F1YV9QUkFHQV84NDkteC0xMTkyLTEwMHgxMDAuanBnIiwid2lkdGgiOjEwMCwiaGVpZ2h0IjoxMDAsIm1pbWUtdHlwZSI6ImltYWdlXC9qcGVnIiwiZmlsZXNpemUiOjY4MDh9LCJmcmVzaGlvLXBvc3QtZ3JpZCI6eyJmaWxlIjoiQ29wZXJ0aW5hX0NhdGFsb2dvLVBhc3F1YV9QUkFHQV84NDkteC0xMTkyLTQxMHgyNTAuanBnIiwid2lkdGgiOjQxMCwiaGVpZ2h0IjoyNTAsIm1pbWUtdHlwZSI6ImltYWdlXC9qcGVnIiwiZmlsZXNpemUiOjE5ODg1fX0sImltYWdlX21ldGEiOnsiYXBlcnR1cmUiOiIwIiwiY3JlZGl0IjoiIiwiY2FtZXJhIjoiIiwiY2FwdGlvbiI6IiIsImNyZWF0ZWRfdGltZXN0YW1wIjoiMCIsImNvcHlyaWdodCI6IiIsImZvY2FsX2xlbmd0aCI6IjAiLCJpc28iOiIwIiwic2h1dHRlcl9zcGVlZCI6IjAiLCJ0aXRsZSI6IiIsIm9yaWVudGF0aW9uIjoiMCIsImtleXdvcmRzIjpbXX0sInBhcmVudF91cmwiOiJodHRwczpcL1wvY29ydGVsYXp6aS5jelwvd3AtY29udGVudFwvdXBsb2Fkc1wvMjAyNVwvMDNcLyIsImlkIjoxODMwM319LCJ0eXBlIjoibWVkaWFJbWFnZSJ9LCJwcm9wcyI6eyJiYWNrZ3JvdW5kQ29sb3IiOiJhdXRvIiwiYmFja2dyb3VuZEltYWdlIjoiYXV0byIsImJhY2tncm91bmRTdHlsZSI6ImF1dG8iLCJoaWdobGlnaHRMaW5rcyI6ImF1dG8iLCJsaWdodGluZyI6ImF1dG8iLCJzaW5nbGVQYWdlTW9kZSI6ImF1dG8iLCJjYWNoZWRQYWdlcyI6ImF1dG8iLCJyZW5kZXJJbmFjdGl2ZVBhZ2VzIjoiYXV0byIsInJlbmRlckluYWN0aXZlUGFnZXNPbk1vYmlsZSI6ImF1dG8iLCJyZW5kZXJXaGlsZUZsaXBwaW5nIjoiYXV0byIsInByZWxvYWRQYWdlcyI6ImF1dG8iLCJhdXRvUGxheUR1cmF0aW9uIjoiYXV0byIsInJ0bCI6ImF1dG8iLCJpbnRlcmFjdGl2ZUNvcm5lcnMiOiJhdXRvIiwibWF4RGVwdGgiOiJhdXRvIiwic2hlZXQiOnsic3RhcnRWZWxvY2l0eSI6ImF1dG8iLCJ3YXZlIjoiYXV0byIsInNoYXBlIjoiYXV0byIsIndpZHRoVGV4ZWxzIjoiYXV0byIsImNvbG9yIjoiYXV0byIsInNpZGUiOiJhdXRvIiwic3RyZXRjaEltYWdlcyI6ImF1dG8iLCJjb3JuZXJEZXZpYXRpb24iOiJhdXRvIiwiZmxleGliaWxpdHkiOiJhdXRvIiwiZmxleGlibGVDb3JuZXIiOiJhdXRvIiwiYmVuZGluZyI6ImF1dG8iLCJoZWlnaHRUZXhlbHMiOiJhdXRvIn0sImNvdmVyIjp7IndhdmUiOiJhdXRvIiwiY29sb3IiOiJhdXRvIiwic2lkZSI6ImF1dG8iLCJzdHJldGNoSW1hZ2VzIjoiYXV0byIsImJpbmRlclRleHR1cmUiOiJhdXRvIiwiZGVwdGgiOiJhdXRvIiwicGFkZGluZyI6ImF1dG8iLCJzdGFydFZlbG9jaXR5IjoiYXV0byIsImZsZXhpYmlsaXR5IjoiYXV0byIsImZsZXhpYmxlQ29ybmVyIjoiYXV0byIsImJlbmRpbmciOiJhdXRvIiwid2lkdGhUZXhlbHMiOiJhdXRvIiwiaGVpZ2h0VGV4ZWxzIjoiYXV0byIsIm1hc3MiOiJhdXRvIiwic2hhcGUiOiJhdXRvIn0sInBhZ2UiOnsid2F2ZSI6ImF1dG8iLCJjb2xvciI6ImF1dG8iLCJzaWRlIjoiYXV0byIsInN0cmV0Y2hJbWFnZXMiOiJhdXRvIiwiZGVwdGgiOiJhdXRvIiwic3RhcnRWZWxvY2l0eSI6ImF1dG8iLCJmbGV4aWJpbGl0eSI6ImF1dG8iLCJmbGV4aWJsZUNvcm5lciI6ImF1dG8iLCJiZW5kaW5nIjoiYXV0byIsIndpZHRoVGV4ZWxzIjoiYXV0byIsImhlaWdodFRleGVscyI6ImF1dG8iLCJtYXNzIjoiYXV0byIsInNoYXBlIjoiYXV0byJ9LCJoZWlnaHQiOiJhdXRvIiwid2lkdGgiOiJhdXRvIiwiZ3Jhdml0eSI6ImF1dG8iLCJwYWdlc0ZvclByZWRpY3RpbmciOiJhdXRvIn0sImNvbnRyb2xQcm9wcyI6eyJhY3Rpb25zIjp7ImNtZFRvYyI6eyJlbmFibGVkIjoiYXV0byIsImVuYWJsZWRJbk5hcnJvdyI6ImF1dG8iLCJhY3RpdmUiOiJhdXRvIiwiZGVmYXVsdFRhYiI6ImF1dG8ifSwiY21kQXV0b1BsYXkiOnsiZW5hYmxlZCI6ImF1dG8iLCJlbmFibGVkSW5OYXJyb3ciOiJhdXRvIiwiYWN0aXZlIjoiYXV0byJ9LCJjbWRTYXZlIjp7ImVuYWJsZWQiOiJhdXRvIiwiZW5hYmxlZEluTmFycm93IjoiYXV0byJ9LCJjbWRQcmludCI6eyJlbmFibGVkIjoiYXV0byIsImVuYWJsZWRJbk5hcnJvdyI6ImF1dG8ifSwiY21kU2luZ2xlUGFnZSI6eyJlbmFibGVkIjoiYXV0byIsImVuYWJsZWRJbk5hcnJvdyI6ImF1dG8iLCJhY3RpdmUiOiJhdXRvIiwiYWN0aXZlRm9yTW9iaWxlIjoiYXV0byJ9LCJ3aWRUb29sYmFyIjp7ImVuYWJsZWQiOiJhdXRvIiwiZW5hYmxlZEluTmFycm93IjoiYXV0byJ9fX0sImF1dG9UaHVtYm5haWwiOm51bGwsInBvc3RfbmFtZSI6InBhc3F1YSIsInBvc3RfdHlwZSI6IjNkLWZsaXAtYm9vayJ9fSwicGFnZXMiOltdLCJmaXJzdFBhZ2VzIjpbXX0=');window.FB3D_CLIENT_LOCALE && FB3D_CLIENT_LOCALE.render && FB3D_CLIENT_LOCALE.render();<\/script><\/div>\n\t\t\t\t\t\t<\/div>\n\t\t\t\t<\/div>\n\t\t\t\t<div class=\"elementor-element elementor-element-5e259fad elementor-widget elementor-widget-html\" data-id=\"5e259fad\" data-element_type=\"widget\" data-widget_type=\"html.default\">\n\t\t\t\t<div class=\"elementor-widget-container\">\n\t\t\t\t\t<style>\n.elementor-element.elementor-element-66fb9b98.elementor-widget.elementor-widget-shortcode{\n    display: flex;\n    justify-content: center;\n}\n\n\/*.elementor-12381 .elementor-element.elementor-element-e7d19ad .menu-item a.hfe-menu-item, .elementor-12381 .elementor-element.elementor-element-e7d19ad .sub-menu a.hfe-sub-menu-item {\n    color: #ffffff;} \n\nsection.elementor-section.elementor-top-section.elementor-element.elementor-element-9e15212.elementor-section-full_width.elementor-section-content-middle.elementor-section-stretched.headerdesktop.elementor-hidden-tablet.elementor-hidden-mobile.elementor-hidden-laptop.elementor-section-height-default.elementor-section-height-default{\n  background: rgb(0,0,0);\nbackground: linear-gradient(180deg, rgba(0, 0, 0, 0.5514998235622374) 27%, rgb(0 0 0 \/ 44%) 52%, rgba(0, 0, 0, 0) 100%);\n}\n.elementor-8563 .elementor-element.elementor-element-b9c8a08 .menu-item a.hfe-menu-item, .elementor-8563 .elementor-element.elementor-element-b9c8a08 .sub-menu a.hfe-sub-menu-item {\n    color: #ffffff;\n}\nul.sub-menu li a {\n    color: #00520A !important;\n}\n.elementor-social-icons-wrapper.elementor-grid i {\n    color: #fff !important;\n}*\/\n<\/style>\t\t\t\t<\/div>\n\t\t\t\t<\/div>\n\t\t\t\t\t<\/div>\n\t\t<\/div>\n\t\t\t\t\t<\/div>\n\t\t<\/section>\n\t\t\t\t<\/div>\n\t\t","protected":false},"excerpt":{"rendered":"<p>St\u00e1hn\u011bte si velikono\u010dn\u00ed katalog<\/p>\n","protected":false},"author":1,"featured_media":0,"parent":0,"menu_order":0,"comment_status":"closed","ping_status":"closed","template":"","meta":{"inline_featured_image":false,"footnotes":"","_links_to":"","_links_to_target":""},"class_list":["post-18323","page","type-page","status-publish","hentry"],"yoast_head":"<!-- This site is optimized with the Yoast SEO plugin v27.5 - https:\/\/yoast.com\/product\/yoast-seo-wordpress\/ -->\n<title>St\u00e1hn\u011bte sivelikono\u010dn\u00ed katalog - Cortelazzi<\/title>\n<meta name=\"description\" content=\"Scopri il st\u00e1hn\u011bte sivelikono\u010dn\u00ed katalog Cortelazzi!\" \/>\n<meta name=\"robots\" content=\"index, follow, max-snippet:-1, max-image-preview:large, max-video-preview:-1\" \/>\n<link rel=\"canonical\" href=\"https:\/\/cortelazzi.cz\/cs\/stahnete-si-velikonocni-katalog\/\" \/>\n<meta property=\"og:locale\" content=\"cs_CZ\" \/>\n<meta property=\"og:type\" content=\"article\" \/>\n<meta property=\"og:title\" content=\"St\u00e1hn\u011bte sivelikono\u010dn\u00ed katalog - Cortelazzi\" \/>\n<meta property=\"og:description\" content=\"Scopri il st\u00e1hn\u011bte sivelikono\u010dn\u00ed katalog Cortelazzi!\" \/>\n<meta property=\"og:url\" content=\"https:\/\/cortelazzi.cz\/cs\/stahnete-si-velikonocni-katalog\/\" \/>\n<meta property=\"og:site_name\" content=\"Cortelazzi\" \/>\n<meta property=\"article:modified_time\" content=\"2025-03-05T17:22:00+00:00\" \/>\n<meta name=\"twitter:card\" content=\"summary_large_image\" \/>\n<meta name=\"twitter:label1\" content=\"Odhadovan\u00e1 doba \u010dten\u00ed\" \/>\n\t<meta name=\"twitter:data1\" content=\"1 minuta\" \/>\n<script type=\"application\/ld+json\" class=\"yoast-schema-graph\">{\"@context\":\"https:\\\/\\\/schema.org\",\"@graph\":[{\"@type\":\"WebPage\",\"@id\":\"https:\\\/\\\/cortelazzi.cz\\\/cs\\\/stahnete-si-velikonocni-katalog\\\/\",\"url\":\"https:\\\/\\\/cortelazzi.cz\\\/cs\\\/stahnete-si-velikonocni-katalog\\\/\",\"name\":\"St\u00e1hn\u011bte sivelikono\u010dn\u00ed katalog - Cortelazzi\",\"isPartOf\":{\"@id\":\"https:\\\/\\\/cortelazzi.cz\\\/#website\"},\"datePublished\":\"2025-03-05T16:52:05+00:00\",\"dateModified\":\"2025-03-05T17:22:00+00:00\",\"description\":\"Scopri il st\u00e1hn\u011bte sivelikono\u010dn\u00ed katalog Cortelazzi!\",\"breadcrumb\":{\"@id\":\"https:\\\/\\\/cortelazzi.cz\\\/cs\\\/stahnete-si-velikonocni-katalog\\\/#breadcrumb\"},\"inLanguage\":\"cs\",\"potentialAction\":[{\"@type\":\"ReadAction\",\"target\":[\"https:\\\/\\\/cortelazzi.cz\\\/cs\\\/stahnete-si-velikonocni-katalog\\\/\"]}]},{\"@type\":\"BreadcrumbList\",\"@id\":\"https:\\\/\\\/cortelazzi.cz\\\/cs\\\/stahnete-si-velikonocni-katalog\\\/#breadcrumb\",\"itemListElement\":[{\"@type\":\"ListItem\",\"position\":1,\"name\":\"Home\",\"item\":\"https:\\\/\\\/cortelazzi.cz\\\/cs\\\/\"},{\"@type\":\"ListItem\",\"position\":2,\"name\":\"St\u00e1hn\u011bte si velikono\u010dn\u00ed katalog\"}]},{\"@type\":\"WebSite\",\"@id\":\"https:\\\/\\\/cortelazzi.cz\\\/#website\",\"url\":\"https:\\\/\\\/cortelazzi.cz\\\/\",\"name\":\"Cortelazzi\",\"description\":\"Food service\",\"potentialAction\":[{\"@type\":\"SearchAction\",\"target\":{\"@type\":\"EntryPoint\",\"urlTemplate\":\"https:\\\/\\\/cortelazzi.cz\\\/?s={search_term_string}\"},\"query-input\":{\"@type\":\"PropertyValueSpecification\",\"valueRequired\":true,\"valueName\":\"search_term_string\"}}],\"inLanguage\":\"cs\"}]}<\/script>\n<!-- \/ Yoast SEO plugin. -->","yoast_head_json":{"title":"St\u00e1hn\u011bte sivelikono\u010dn\u00ed katalog - Cortelazzi","description":"Scopri il st\u00e1hn\u011bte sivelikono\u010dn\u00ed katalog Cortelazzi!","robots":{"index":"index","follow":"follow","max-snippet":"max-snippet:-1","max-image-preview":"max-image-preview:large","max-video-preview":"max-video-preview:-1"},"canonical":"https:\/\/cortelazzi.cz\/cs\/stahnete-si-velikonocni-katalog\/","og_locale":"cs_CZ","og_type":"article","og_title":"St\u00e1hn\u011bte sivelikono\u010dn\u00ed katalog - Cortelazzi","og_description":"Scopri il st\u00e1hn\u011bte sivelikono\u010dn\u00ed katalog Cortelazzi!","og_url":"https:\/\/cortelazzi.cz\/cs\/stahnete-si-velikonocni-katalog\/","og_site_name":"Cortelazzi","article_modified_time":"2025-03-05T17:22:00+00:00","twitter_card":"summary_large_image","twitter_misc":{"Odhadovan\u00e1 doba \u010dten\u00ed":"1 minuta"},"schema":{"@context":"https:\/\/schema.org","@graph":[{"@type":"WebPage","@id":"https:\/\/cortelazzi.cz\/cs\/stahnete-si-velikonocni-katalog\/","url":"https:\/\/cortelazzi.cz\/cs\/stahnete-si-velikonocni-katalog\/","name":"St\u00e1hn\u011bte sivelikono\u010dn\u00ed katalog - Cortelazzi","isPartOf":{"@id":"https:\/\/cortelazzi.cz\/#website"},"datePublished":"2025-03-05T16:52:05+00:00","dateModified":"2025-03-05T17:22:00+00:00","description":"Scopri il st\u00e1hn\u011bte sivelikono\u010dn\u00ed katalog Cortelazzi!","breadcrumb":{"@id":"https:\/\/cortelazzi.cz\/cs\/stahnete-si-velikonocni-katalog\/#breadcrumb"},"inLanguage":"cs","potentialAction":[{"@type":"ReadAction","target":["https:\/\/cortelazzi.cz\/cs\/stahnete-si-velikonocni-katalog\/"]}]},{"@type":"BreadcrumbList","@id":"https:\/\/cortelazzi.cz\/cs\/stahnete-si-velikonocni-katalog\/#breadcrumb","itemListElement":[{"@type":"ListItem","position":1,"name":"Home","item":"https:\/\/cortelazzi.cz\/cs\/"},{"@type":"ListItem","position":2,"name":"St\u00e1hn\u011bte si velikono\u010dn\u00ed katalog"}]},{"@type":"WebSite","@id":"https:\/\/cortelazzi.cz\/#website","url":"https:\/\/cortelazzi.cz\/","name":"Cortelazzi","description":"Food service","potentialAction":[{"@type":"SearchAction","target":{"@type":"EntryPoint","urlTemplate":"https:\/\/cortelazzi.cz\/?s={search_term_string}"},"query-input":{"@type":"PropertyValueSpecification","valueRequired":true,"valueName":"search_term_string"}}],"inLanguage":"cs"}]}},"jetpack_sharing_enabled":true,"_links":{"self":[{"href":"https:\/\/cortelazzi.cz\/cs\/wp-json\/wp\/v2\/pages\/18323","targetHints":{"allow":["GET"]}}],"collection":[{"href":"https:\/\/cortelazzi.cz\/cs\/wp-json\/wp\/v2\/pages"}],"about":[{"href":"https:\/\/cortelazzi.cz\/cs\/wp-json\/wp\/v2\/types\/page"}],"author":[{"embeddable":true,"href":"https:\/\/cortelazzi.cz\/cs\/wp-json\/wp\/v2\/users\/1"}],"replies":[{"embeddable":true,"href":"https:\/\/cortelazzi.cz\/cs\/wp-json\/wp\/v2\/comments?post=18323"}],"version-history":[{"count":4,"href":"https:\/\/cortelazzi.cz\/cs\/wp-json\/wp\/v2\/pages\/18323\/revisions"}],"predecessor-version":[{"id":18327,"href":"https:\/\/cortelazzi.cz\/cs\/wp-json\/wp\/v2\/pages\/18323\/revisions\/18327"}],"wp:attachment":[{"href":"https:\/\/cortelazzi.cz\/cs\/wp-json\/wp\/v2\/media?parent=18323"}],"curies":[{"name":"wp","href":"https:\/\/api.w.org\/{rel}","templated":true}]}}