
{"id":20843,"date":"2025-05-27T12:48:37","date_gmt":"2025-05-27T10:48:37","guid":{"rendered":"https:\/\/cortelazzi.cz\/?page_id=20843"},"modified":"2025-07-30T11:25:23","modified_gmt":"2025-07-30T09:25:23","slug":"olej-a-ocet","status":"publish","type":"page","link":"https:\/\/cortelazzi.cz\/cs\/produkty-la-rosa-dei-gusti\/olej-a-ocet\/","title":{"rendered":"Olej a ocet &#8211; La Rosa dei gusti"},"content":{"rendered":"\t\t<div data-elementor-type=\"wp-page\" data-elementor-id=\"20843\" class=\"elementor elementor-20843 elementor-20842\" data-elementor-post-type=\"page\">\n\t\t\t\t\t\t<section class=\"elementor-section elementor-top-section elementor-element elementor-element-7c5a878 elementor-section-full_width elementor-section-height-min-height elementor-section-height-default elementor-section-items-middle\" data-id=\"7c5a878\" data-element_type=\"section\" data-settings=\"{&quot;background_background&quot;:&quot;classic&quot;}\">\n\t\t\t\t\t\t<div class=\"elementor-container elementor-column-gap-default\">\n\t\t\t\t\t<div class=\"elementor-column elementor-col-100 elementor-top-column elementor-element elementor-element-867ea17\" data-id=\"867ea17\" data-element_type=\"column\">\n\t\t\t<div class=\"elementor-widget-wrap elementor-element-populated\">\n\t\t\t\t\t\t<div class=\"elementor-element elementor-element-ab4ab9c rockbold elementor-widget elementor-widget-heading\" data-id=\"ab4ab9c\" data-element_type=\"widget\" data-widget_type=\"heading.default\">\n\t\t\t\t<div class=\"elementor-widget-container\">\n\t\t\t\t\t<h1 class=\"elementor-heading-title elementor-size-default\">Olej a ocet<\/h1>\t\t\t\t<\/div>\n\t\t\t\t<\/div>\n\t\t\t\t<div class=\"elementor-element elementor-element-d4cf48f elementor-widget__width-auto elementor-absolute elementor-hidden-mobile elementor-invisible elementor-widget elementor-widget-image\" data-id=\"d4cf48f\" data-element_type=\"widget\" data-settings=\"{&quot;_position&quot;:&quot;absolute&quot;,&quot;_animation&quot;:&quot;fadeIn&quot;,&quot;motion_fx_motion_fx_scrolling&quot;:&quot;yes&quot;,&quot;_animation_delay&quot;:100,&quot;motion_fx_rotateZ_effect&quot;:&quot;yes&quot;,&quot;motion_fx_rotateZ_speed&quot;:{&quot;unit&quot;:&quot;px&quot;,&quot;size&quot;:1,&quot;sizes&quot;:[]},&quot;motion_fx_rotateZ_affectedRange&quot;:{&quot;unit&quot;:&quot;%&quot;,&quot;size&quot;:&quot;&quot;,&quot;sizes&quot;:{&quot;start&quot;:0,&quot;end&quot;:100}},&quot;motion_fx_devices&quot;:[&quot;desktop&quot;,&quot;laptop&quot;,&quot;tablet&quot;,&quot;mobile&quot;]}\" data-widget_type=\"image.default\">\n\t\t\t\t<div class=\"elementor-widget-container\">\n\t\t\t\t\t\t\t\t\t\t\t\t\t\t\t<img decoding=\"async\" width=\"1\" height=\"1\" src=\"https:\/\/cortelazzi.cz\/wp-content\/uploads\/2025\/05\/marchio-la-rosa-del-gusto.svg\" class=\"attachment-thumbnail size-thumbnail wp-image-18865\" alt=\"\" \/>\t\t\t\t\t\t\t\t\t\t\t\t\t\t\t<\/div>\n\t\t\t\t<\/div>\n\t\t\t\t\t<\/div>\n\t\t<\/div>\n\t\t\t\t\t<\/div>\n\t\t<\/section>\n\t\t\t\t<section class=\"elementor-section elementor-top-section elementor-element elementor-element-1e0d8d0 elementor-section-boxed elementor-section-height-default elementor-section-height-default\" data-id=\"1e0d8d0\" data-element_type=\"section\" data-settings=\"{&quot;background_background&quot;:&quot;classic&quot;}\">\n\t\t\t\t\t\t<div class=\"elementor-container elementor-column-gap-default\">\n\t\t\t\t\t<div class=\"elementor-column elementor-col-100 elementor-top-column elementor-element elementor-element-1d678d6\" data-id=\"1d678d6\" data-element_type=\"column\">\n\t\t\t<div class=\"elementor-widget-wrap elementor-element-populated\">\n\t\t\t\t\t\t<div class=\"elementor-element elementor-element-cf9a7f3 fontbig elementor-widget elementor-widget-heading\" data-id=\"cf9a7f3\" data-element_type=\"widget\" data-widget_type=\"heading.default\">\n\t\t\t\t<div class=\"elementor-widget-container\">\n\t\t\t\t\t<h2 class=\"elementor-heading-title elementor-size-default\">Unik\u00e1tn\u00ed dochucen\u00ed<\/h2>\t\t\t\t<\/div>\n\t\t\t\t<\/div>\n\t\t\t\t<div class=\"elementor-element elementor-element-4f18e5e elementor-widget__width-initial elementor-widget elementor-widget-text-editor\" data-id=\"4f18e5e\" data-element_type=\"widget\" data-widget_type=\"text-editor.default\">\n\t\t\t\t<div class=\"elementor-widget-container\">\n\t\t\t\t\t\t\t\t\t<p>La Rosa dei Gusti vyb\u00edr\u00e1 vysoce kvalitn\u00ed <strong>oleje a octy<\/strong>, kter\u00e9 jsou autentick\u00fdm vyj\u00e1d\u0159en\u00edm italsk\u00e9 tradice.<br \/>Intenzivn\u00ed v\u016fn\u011b a vyv\u00e1\u017een\u00e9 chut\u011b dod\u00e1vaj\u00ed ka\u017ed\u00e9mu receptu zvl\u00e1\u0161tn\u00ed n\u00e1dech.<br \/>Ide\u00e1ln\u00ed k dochucen\u00ed, marinov\u00e1n\u00ed nebo jednodu\u0161e <strong>ke zdokonalen\u00ed ka\u017ed\u00e9ho j\u00eddla<\/strong>.<\/p>\t\t\t\t\t\t\t\t<\/div>\n\t\t\t\t<\/div>\n\t\t\t\t\t<\/div>\n\t\t<\/div>\n\t\t\t\t\t<\/div>\n\t\t<\/section>\n\t\t\t\t<section class=\"elementor-section elementor-top-section elementor-element elementor-element-d255091 categorie-rdg elementor-section-boxed elementor-section-height-default elementor-section-height-default\" data-id=\"d255091\" data-element_type=\"section\" data-settings=\"{&quot;background_background&quot;:&quot;classic&quot;}\">\n\t\t\t\t\t\t<div class=\"elementor-container elementor-column-gap-default\">\n\t\t\t\t\t<div class=\"elementor-column elementor-col-100 elementor-top-column elementor-element elementor-element-ca18e4d\" data-id=\"ca18e4d\" data-element_type=\"column\">\n\t\t\t<div class=\"elementor-widget-wrap elementor-element-populated\">\n\t\t\t\t\t\t<div class=\"elementor-element elementor-element-04156d3 gallery-spacing-custom elementor-hidden-mobile elementor-widget elementor-widget-image-gallery\" data-id=\"04156d3\" data-element_type=\"widget\" data-widget_type=\"image-gallery.default\">\n\t\t\t\t<div class=\"elementor-widget-container\">\n\t\t\t\t\t\t\t<div class=\"elementor-image-gallery\">\n\t\t\t<div id='gallery-1' class='gallery galleryid-20843 gallery-columns-2 gallery-size-medium'><figure class='gallery-item'>\n\t\t\t<div class='gallery-icon landscape'>\n\t\t\t\t<a data-elementor-open-lightbox=\"yes\" data-elementor-lightbox-slideshow=\"04156d3\" data-elementor-lightbox-title=\"Olio EVO 100% Italia 250ml\" data-e-action-hash=\"#elementor-action%3Aaction%3Dlightbox%26settings%3DeyJpZCI6MjE3NDAsInVybCI6Imh0dHBzOlwvXC9jb3J0ZWxhenppLmN6XC93cC1jb250ZW50XC91cGxvYWRzXC8yMDIwXC8wOFwvT2xpby1FVk8tMTAwLUl0YWxpYS0yNTBtbC0xLmpwZyIsInNsaWRlc2hvdyI6IjA0MTU2ZDMifQ%3D%3D\" href='https:\/\/cortelazzi.cz\/wp-content\/uploads\/2020\/08\/Olio-EVO-100-Italia-250ml-1.jpg'><img fetchpriority=\"high\" decoding=\"async\" width=\"300\" height=\"300\" src=\"https:\/\/cortelazzi.cz\/wp-content\/uploads\/2020\/08\/Olio-EVO-100-Italia-250ml-1-300x300.jpg\" class=\"attachment-medium size-medium\" alt=\"\" aria-describedby=\"gallery-1-21740\" srcset=\"https:\/\/cortelazzi.cz\/wp-content\/uploads\/2020\/08\/Olio-EVO-100-Italia-250ml-1-300x300.jpg 300w, https:\/\/cortelazzi.cz\/wp-content\/uploads\/2020\/08\/Olio-EVO-100-Italia-250ml-1-150x150.jpg 150w, https:\/\/cortelazzi.cz\/wp-content\/uploads\/2020\/08\/Olio-EVO-100-Italia-250ml-1-100x100.jpg 100w, https:\/\/cortelazzi.cz\/wp-content\/uploads\/2020\/08\/Olio-EVO-100-Italia-250ml-1.jpg 500w\" sizes=\"(max-width: 300px) 100vw, 300px\" \/><\/a>\n\t\t\t<\/div>\n\t\t\t\t<figcaption class='wp-caption-text gallery-caption' id='gallery-1-21740'>\n\t\t\t\tOlio EVO 100% Italia 250ml\n\t\t\t\t<\/figcaption><\/figure><figure class='gallery-item'>\n\t\t\t<div class='gallery-icon landscape'>\n\t\t\t\t<a data-elementor-open-lightbox=\"yes\" data-elementor-lightbox-slideshow=\"04156d3\" data-elementor-lightbox-title=\"Olio EVO 100% Italia 750ml\" data-e-action-hash=\"#elementor-action%3Aaction%3Dlightbox%26settings%3DeyJpZCI6MjE3MzYsInVybCI6Imh0dHBzOlwvXC9jb3J0ZWxhenppLmN6XC93cC1jb250ZW50XC91cGxvYWRzXC8yMDIwXC8wOFwvT2xpby1FVk8tMTAwLUl0YWxpYS03NTBtbC5qcGciLCJzbGlkZXNob3ciOiIwNDE1NmQzIn0%3D\" href='https:\/\/cortelazzi.cz\/wp-content\/uploads\/2020\/08\/Olio-EVO-100-Italia-750ml.jpg'><img decoding=\"async\" width=\"300\" height=\"300\" src=\"https:\/\/cortelazzi.cz\/wp-content\/uploads\/2020\/08\/Olio-EVO-100-Italia-750ml-300x300.jpg\" class=\"attachment-medium size-medium\" alt=\"\" aria-describedby=\"gallery-1-21736\" srcset=\"https:\/\/cortelazzi.cz\/wp-content\/uploads\/2020\/08\/Olio-EVO-100-Italia-750ml-300x300.jpg 300w, https:\/\/cortelazzi.cz\/wp-content\/uploads\/2020\/08\/Olio-EVO-100-Italia-750ml-150x150.jpg 150w, https:\/\/cortelazzi.cz\/wp-content\/uploads\/2020\/08\/Olio-EVO-100-Italia-750ml-100x100.jpg 100w, https:\/\/cortelazzi.cz\/wp-content\/uploads\/2020\/08\/Olio-EVO-100-Italia-750ml.jpg 500w\" sizes=\"(max-width: 300px) 100vw, 300px\" \/><\/a>\n\t\t\t<\/div>\n\t\t\t\t<figcaption class='wp-caption-text gallery-caption' id='gallery-1-21736'>\n\t\t\t\tOlio EVO 100% Italia 750ml\n\t\t\t\t<\/figcaption><\/figure>\n\t\t<\/div>\n\t\t<\/div>\n\t\t\t\t\t\t<\/div>\n\t\t\t\t<\/div>\n\t\t\t\t\t<\/div>\n\t\t<\/div>\n\t\t\t\t\t<\/div>\n\t\t<\/section>\n\t\t\t\t<section class=\"elementor-section elementor-top-section elementor-element elementor-element-9c11499 elementor-section-boxed elementor-section-height-default elementor-section-height-default\" data-id=\"9c11499\" data-element_type=\"section\" id=\"dove\" data-settings=\"{&quot;background_background&quot;:&quot;classic&quot;}\">\n\t\t\t\t\t\t<div class=\"elementor-container elementor-column-gap-default\">\n\t\t\t\t\t<div class=\"elementor-column elementor-col-50 elementor-top-column elementor-element elementor-element-37495a61 elementor-invisible\" data-id=\"37495a61\" data-element_type=\"column\" data-settings=\"{&quot;animation&quot;:&quot;fadeIn&quot;}\">\n\t\t\t<div class=\"elementor-widget-wrap elementor-element-populated\">\n\t\t\t\t\t\t<div class=\"elementor-element elementor-element-64fda403 elementor-invisible elementor-widget elementor-widget-image\" data-id=\"64fda403\" data-element_type=\"widget\" data-settings=\"{&quot;_animation&quot;:&quot;fadeInUp&quot;}\" data-widget_type=\"image.default\">\n\t\t\t\t<div class=\"elementor-widget-container\">\n\t\t\t\t\t\t\t\t\t\t\t\t\t\t\t<img loading=\"lazy\" decoding=\"async\" width=\"536\" height=\"469\" src=\"https:\/\/cortelazzi.cz\/wp-content\/uploads\/2025\/05\/presidente-cortelazzi-vieni-a-trovarci.jpg\" class=\"attachment-full size-full wp-image-20722\" alt=\"\" srcset=\"https:\/\/cortelazzi.cz\/wp-content\/uploads\/2025\/05\/presidente-cortelazzi-vieni-a-trovarci.jpg 536w, https:\/\/cortelazzi.cz\/wp-content\/uploads\/2025\/05\/presidente-cortelazzi-vieni-a-trovarci-300x263.jpg 300w\" sizes=\"(max-width: 536px) 100vw, 536px\" \/>\t\t\t\t\t\t\t\t\t\t\t\t\t\t\t<\/div>\n\t\t\t\t<\/div>\n\t\t\t\t\t<\/div>\n\t\t<\/div>\n\t\t\t\t<div class=\"elementor-column elementor-col-50 elementor-top-column elementor-element elementor-element-77502aee elementor-invisible\" data-id=\"77502aee\" data-element_type=\"column\" data-settings=\"{&quot;animation&quot;:&quot;fadeIn&quot;}\">\n\t\t\t<div class=\"elementor-widget-wrap elementor-element-populated\">\n\t\t\t\t\t\t<div class=\"elementor-element elementor-element-624362ab fontbig elementor-widget elementor-widget-heading\" data-id=\"624362ab\" data-element_type=\"widget\" data-widget_type=\"heading.default\">\n\t\t\t\t<div class=\"elementor-widget-container\">\n\t\t\t\t\t<h3 class=\"elementor-heading-title elementor-size-default\">Nav\u0161tivte n\u00e1s a objevte pravou italskou kvalitu\n<\/h3>\t\t\t\t<\/div>\n\t\t\t\t<\/div>\n\t\t\t\t<div class=\"elementor-element elementor-element-698aa1a6 elementor-widget elementor-widget-text-editor\" data-id=\"698aa1a6\" data-element_type=\"widget\" data-widget_type=\"text-editor.default\">\n\t\t\t\t<div class=\"elementor-widget-container\">\n\t\t\t\t\t\t\t\t\t<p><strong>Pr\u00e9miov\u00e9 italsk\u00e9 v\u00fdrobky La Rosa dei Gusti<\/strong>\u00a0na v\u00e1s \u010dekaj\u00ed v na\u0161\u00ed prodejn\u011b Cortelazzi v Praze. Objevte pot\u011b\u0161en\u00ed z uv\u011bdom\u011bl\u00e9ho a rafinovan\u00e9ho nakupov\u00e1n\u00ed: kvalitu, cenovou dostupnost a l\u00e1sku k autentick\u00fdm potravin\u00e1m.\u00a0 Pod\u00edvejte se, kde se nach\u00e1z\u00edme na map\u011b, a p\u0159ij\u010fte objevit v\u0161echny v\u00fdrobky La Rosa dei Gusti<\/p>\t\t\t\t\t\t\t\t<\/div>\n\t\t\t\t<\/div>\n\t\t\t\t<div class=\"elementor-element elementor-element-399145fd elementor-align-left elementor-mobile-align-center scroll icon-effect-yes elementor-widget elementor-widget-button\" data-id=\"399145fd\" data-element_type=\"widget\" data-widget_type=\"button.default\">\n\t\t\t\t<div class=\"elementor-widget-container\">\n\t\t\t\t\t\t\t\t\t<div class=\"elementor-button-wrapper\">\n\t\t\t\t\t<a class=\"elementor-button elementor-button-link elementor-size-sm\" href=\"https:\/\/maps.app.goo.gl\/wLJfKQi8VxPB9Dci6\" target=\"_blank\">\n\t\t\t\t\t\t<span class=\"elementor-button-content-wrapper\">\n\t\t\t\t\t\t\t\t\t<span class=\"elementor-button-text\">ZJIST\u011aTE, KDE JE NAJDETE<\/span>\n\t\t\t\t\t<\/span>\n\t\t\t\t\t<\/a>\n\t\t\t\t<\/div>\n\t\t\t\t\t\t\t\t<\/div>\n\t\t\t\t<\/div>\n\t\t\t\t\t<\/div>\n\t\t<\/div>\n\t\t\t\t\t<\/div>\n\t\t<\/section>\n\t\t\t\t<\/div>\n\t\t","protected":false},"excerpt":{"rendered":"<p>Olej a ocet Unik\u00e1tn\u00ed dochucen\u00ed La Rosa dei Gusti vyb\u00edr\u00e1 vysoce kvalitn\u00ed oleje a octy, kter\u00e9 jsou autentick\u00fdm vyj\u00e1d\u0159en\u00edm italsk\u00e9 tradice.Intenzivn\u00ed v\u016fn\u011b a vyv\u00e1\u017een\u00e9 chut\u011b dod\u00e1vaj\u00ed ka\u017ed\u00e9mu receptu zvl\u00e1\u0161tn\u00ed n\u00e1dech.Ide\u00e1ln\u00ed k dochucen\u00ed, marinov\u00e1n\u00ed nebo jednodu\u0161e ke zdokonalen\u00ed ka\u017ed\u00e9ho j\u00eddla. Olio EVO 100% Italia 250ml Olio EVO 100% Italia 750ml Nav\u0161tivte n\u00e1s a objevte pravou italskou [&hellip;]<\/p>\n","protected":false},"author":1,"featured_media":0,"parent":18826,"menu_order":0,"comment_status":"closed","ping_status":"closed","template":"","meta":{"inline_featured_image":false,"footnotes":"","_links_to":"","_links_to_target":""},"class_list":["post-20843","page","type-page","status-publish","hentry"],"yoast_head":"<!-- This site is optimized with the Yoast SEO plugin v27.4 - https:\/\/yoast.com\/product\/yoast-seo-wordpress\/ -->\n<title>La Rosa dei Gusti | Prodotti italiani premium per te<\/title>\n<meta name=\"description\" content=\"Scopri La Rosa dei Gusti: prodotti italiani premium, autentici e di qualit\u00e0. Esperienze culinarie che uniscono tradizione, creativit\u00e0 e benessere ogni giorno.\" \/>\n<meta name=\"robots\" content=\"index, follow, max-snippet:-1, max-image-preview:large, max-video-preview:-1\" \/>\n<link rel=\"canonical\" href=\"https:\/\/cortelazzi.cz\/cs\/produkty-la-rosa-dei-gusti\/olej-a-ocet\/\" \/>\n<meta property=\"og:locale\" content=\"cs_CZ\" \/>\n<meta property=\"og:type\" content=\"article\" \/>\n<meta property=\"og:title\" content=\"La Rosa dei Gusti | Prodotti italiani premium per te\" \/>\n<meta property=\"og:description\" content=\"Scopri La Rosa dei Gusti: prodotti italiani premium, autentici e di qualit\u00e0. Esperienze culinarie che uniscono tradizione, creativit\u00e0 e benessere ogni giorno.\" \/>\n<meta property=\"og:url\" content=\"https:\/\/cortelazzi.cz\/cs\/produkty-la-rosa-dei-gusti\/olej-a-ocet\/\" \/>\n<meta property=\"og:site_name\" content=\"Cortelazzi\" \/>\n<meta property=\"article:modified_time\" content=\"2025-07-30T09:25:23+00:00\" \/>\n<meta property=\"og:image\" content=\"https:\/\/cortelazzi.cz\/wp-content\/uploads\/2025\/05\/marchio-la-rosa-del-gusto.svg\" \/>\n<meta name=\"twitter:card\" content=\"summary_large_image\" \/>\n<meta name=\"twitter:label1\" content=\"Odhadovan\u00e1 doba \u010dten\u00ed\" \/>\n\t<meta name=\"twitter:data1\" content=\"2 minuty\" \/>\n<script type=\"application\/ld+json\" class=\"yoast-schema-graph\">{\"@context\":\"https:\\\/\\\/schema.org\",\"@graph\":[{\"@type\":\"WebPage\",\"@id\":\"https:\\\/\\\/cortelazzi.cz\\\/cs\\\/produkty-la-rosa-dei-gusti\\\/olej-a-ocet\\\/\",\"url\":\"https:\\\/\\\/cortelazzi.cz\\\/cs\\\/produkty-la-rosa-dei-gusti\\\/olej-a-ocet\\\/\",\"name\":\"La Rosa dei Gusti | Prodotti italiani premium per te\",\"isPartOf\":{\"@id\":\"https:\\\/\\\/cortelazzi.cz\\\/#website\"},\"primaryImageOfPage\":{\"@id\":\"https:\\\/\\\/cortelazzi.cz\\\/cs\\\/produkty-la-rosa-dei-gusti\\\/olej-a-ocet\\\/#primaryimage\"},\"image\":{\"@id\":\"https:\\\/\\\/cortelazzi.cz\\\/cs\\\/produkty-la-rosa-dei-gusti\\\/olej-a-ocet\\\/#primaryimage\"},\"thumbnailUrl\":\"https:\\\/\\\/cortelazzi.cz\\\/wp-content\\\/uploads\\\/2025\\\/05\\\/marchio-la-rosa-del-gusto.svg\",\"datePublished\":\"2025-05-27T10:48:37+00:00\",\"dateModified\":\"2025-07-30T09:25:23+00:00\",\"description\":\"Scopri La Rosa dei Gusti: prodotti italiani premium, autentici e di qualit\u00e0. Esperienze culinarie che uniscono tradizione, creativit\u00e0 e benessere ogni giorno.\",\"breadcrumb\":{\"@id\":\"https:\\\/\\\/cortelazzi.cz\\\/cs\\\/produkty-la-rosa-dei-gusti\\\/olej-a-ocet\\\/#breadcrumb\"},\"inLanguage\":\"cs\",\"potentialAction\":[{\"@type\":\"ReadAction\",\"target\":[\"https:\\\/\\\/cortelazzi.cz\\\/cs\\\/produkty-la-rosa-dei-gusti\\\/olej-a-ocet\\\/\"]}]},{\"@type\":\"ImageObject\",\"inLanguage\":\"cs\",\"@id\":\"https:\\\/\\\/cortelazzi.cz\\\/cs\\\/produkty-la-rosa-dei-gusti\\\/olej-a-ocet\\\/#primaryimage\",\"url\":\"https:\\\/\\\/cortelazzi.cz\\\/wp-content\\\/uploads\\\/2025\\\/05\\\/marchio-la-rosa-del-gusto.svg\",\"contentUrl\":\"https:\\\/\\\/cortelazzi.cz\\\/wp-content\\\/uploads\\\/2025\\\/05\\\/marchio-la-rosa-del-gusto.svg\"},{\"@type\":\"BreadcrumbList\",\"@id\":\"https:\\\/\\\/cortelazzi.cz\\\/cs\\\/produkty-la-rosa-dei-gusti\\\/olej-a-ocet\\\/#breadcrumb\",\"itemListElement\":[{\"@type\":\"ListItem\",\"position\":1,\"name\":\"Home\",\"item\":\"https:\\\/\\\/cortelazzi.cz\\\/cs\\\/\"},{\"@type\":\"ListItem\",\"position\":2,\"name\":\"Produkty La Rosa dei gusti\",\"item\":\"https:\\\/\\\/cortelazzi.cz\\\/cs\\\/produkty-la-rosa-dei-gusti\\\/\"},{\"@type\":\"ListItem\",\"position\":3,\"name\":\"Olej a ocet &#8211; La Rosa dei gusti\"}]},{\"@type\":\"WebSite\",\"@id\":\"https:\\\/\\\/cortelazzi.cz\\\/#website\",\"url\":\"https:\\\/\\\/cortelazzi.cz\\\/\",\"name\":\"Cortelazzi\",\"description\":\"Food service\",\"potentialAction\":[{\"@type\":\"SearchAction\",\"target\":{\"@type\":\"EntryPoint\",\"urlTemplate\":\"https:\\\/\\\/cortelazzi.cz\\\/?s={search_term_string}\"},\"query-input\":{\"@type\":\"PropertyValueSpecification\",\"valueRequired\":true,\"valueName\":\"search_term_string\"}}],\"inLanguage\":\"cs\"}]}<\/script>\n<!-- \/ Yoast SEO plugin. -->","yoast_head_json":{"title":"La Rosa dei Gusti | Prodotti italiani premium per te","description":"Scopri La Rosa dei Gusti: prodotti italiani premium, autentici e di qualit\u00e0. Esperienze culinarie che uniscono tradizione, creativit\u00e0 e benessere ogni giorno.","robots":{"index":"index","follow":"follow","max-snippet":"max-snippet:-1","max-image-preview":"max-image-preview:large","max-video-preview":"max-video-preview:-1"},"canonical":"https:\/\/cortelazzi.cz\/cs\/produkty-la-rosa-dei-gusti\/olej-a-ocet\/","og_locale":"cs_CZ","og_type":"article","og_title":"La Rosa dei Gusti | Prodotti italiani premium per te","og_description":"Scopri La Rosa dei Gusti: prodotti italiani premium, autentici e di qualit\u00e0. Esperienze culinarie che uniscono tradizione, creativit\u00e0 e benessere ogni giorno.","og_url":"https:\/\/cortelazzi.cz\/cs\/produkty-la-rosa-dei-gusti\/olej-a-ocet\/","og_site_name":"Cortelazzi","article_modified_time":"2025-07-30T09:25:23+00:00","og_image":[{"url":"https:\/\/cortelazzi.cz\/wp-content\/uploads\/2025\/05\/marchio-la-rosa-del-gusto.svg","type":"","width":"","height":""}],"twitter_card":"summary_large_image","twitter_misc":{"Odhadovan\u00e1 doba \u010dten\u00ed":"2 minuty"},"schema":{"@context":"https:\/\/schema.org","@graph":[{"@type":"WebPage","@id":"https:\/\/cortelazzi.cz\/cs\/produkty-la-rosa-dei-gusti\/olej-a-ocet\/","url":"https:\/\/cortelazzi.cz\/cs\/produkty-la-rosa-dei-gusti\/olej-a-ocet\/","name":"La Rosa dei Gusti | Prodotti italiani premium per te","isPartOf":{"@id":"https:\/\/cortelazzi.cz\/#website"},"primaryImageOfPage":{"@id":"https:\/\/cortelazzi.cz\/cs\/produkty-la-rosa-dei-gusti\/olej-a-ocet\/#primaryimage"},"image":{"@id":"https:\/\/cortelazzi.cz\/cs\/produkty-la-rosa-dei-gusti\/olej-a-ocet\/#primaryimage"},"thumbnailUrl":"https:\/\/cortelazzi.cz\/wp-content\/uploads\/2025\/05\/marchio-la-rosa-del-gusto.svg","datePublished":"2025-05-27T10:48:37+00:00","dateModified":"2025-07-30T09:25:23+00:00","description":"Scopri La Rosa dei Gusti: prodotti italiani premium, autentici e di qualit\u00e0. Esperienze culinarie che uniscono tradizione, creativit\u00e0 e benessere ogni giorno.","breadcrumb":{"@id":"https:\/\/cortelazzi.cz\/cs\/produkty-la-rosa-dei-gusti\/olej-a-ocet\/#breadcrumb"},"inLanguage":"cs","potentialAction":[{"@type":"ReadAction","target":["https:\/\/cortelazzi.cz\/cs\/produkty-la-rosa-dei-gusti\/olej-a-ocet\/"]}]},{"@type":"ImageObject","inLanguage":"cs","@id":"https:\/\/cortelazzi.cz\/cs\/produkty-la-rosa-dei-gusti\/olej-a-ocet\/#primaryimage","url":"https:\/\/cortelazzi.cz\/wp-content\/uploads\/2025\/05\/marchio-la-rosa-del-gusto.svg","contentUrl":"https:\/\/cortelazzi.cz\/wp-content\/uploads\/2025\/05\/marchio-la-rosa-del-gusto.svg"},{"@type":"BreadcrumbList","@id":"https:\/\/cortelazzi.cz\/cs\/produkty-la-rosa-dei-gusti\/olej-a-ocet\/#breadcrumb","itemListElement":[{"@type":"ListItem","position":1,"name":"Home","item":"https:\/\/cortelazzi.cz\/cs\/"},{"@type":"ListItem","position":2,"name":"Produkty La Rosa dei gusti","item":"https:\/\/cortelazzi.cz\/cs\/produkty-la-rosa-dei-gusti\/"},{"@type":"ListItem","position":3,"name":"Olej a ocet &#8211; La Rosa dei gusti"}]},{"@type":"WebSite","@id":"https:\/\/cortelazzi.cz\/#website","url":"https:\/\/cortelazzi.cz\/","name":"Cortelazzi","description":"Food service","potentialAction":[{"@type":"SearchAction","target":{"@type":"EntryPoint","urlTemplate":"https:\/\/cortelazzi.cz\/?s={search_term_string}"},"query-input":{"@type":"PropertyValueSpecification","valueRequired":true,"valueName":"search_term_string"}}],"inLanguage":"cs"}]}},"jetpack_sharing_enabled":true,"_links":{"self":[{"href":"https:\/\/cortelazzi.cz\/cs\/wp-json\/wp\/v2\/pages\/20843","targetHints":{"allow":["GET"]}}],"collection":[{"href":"https:\/\/cortelazzi.cz\/cs\/wp-json\/wp\/v2\/pages"}],"about":[{"href":"https:\/\/cortelazzi.cz\/cs\/wp-json\/wp\/v2\/types\/page"}],"author":[{"embeddable":true,"href":"https:\/\/cortelazzi.cz\/cs\/wp-json\/wp\/v2\/users\/1"}],"replies":[{"embeddable":true,"href":"https:\/\/cortelazzi.cz\/cs\/wp-json\/wp\/v2\/comments?post=20843"}],"version-history":[{"count":6,"href":"https:\/\/cortelazzi.cz\/cs\/wp-json\/wp\/v2\/pages\/20843\/revisions"}],"predecessor-version":[{"id":23736,"href":"https:\/\/cortelazzi.cz\/cs\/wp-json\/wp\/v2\/pages\/20843\/revisions\/23736"}],"up":[{"embeddable":true,"href":"https:\/\/cortelazzi.cz\/cs\/wp-json\/wp\/v2\/pages\/18826"}],"wp:attachment":[{"href":"https:\/\/cortelazzi.cz\/cs\/wp-json\/wp\/v2\/media?parent=20843"}],"curies":[{"name":"wp","href":"https:\/\/api.w.org\/{rel}","templated":true}]}}